{"id":2583,"date":"2024-10-01T10:26:31","date_gmt":"2024-10-01T10:26:31","guid":{"rendered":"https:\/\/shrprodukt.multi.fi\/offert-fackverksbalk\/"},"modified":"2025-10-03T07:14:41","modified_gmt":"2025-10-03T07:14:41","slug":"tarjous-palkkiristikko","status":"publish","type":"page","link":"https:\/\/www.shrprodukt.fi\/fi\/tarjous-palkkiristikko\/","title":{"rendered":"Tarjous &#8211; Palkkiristikko"},"content":{"rendered":"<style>.kb-row-layout-id2583_726c6d-12 > .kt-row-column-wrap{align-content:start;}:where(.kb-row-layout-id2583_726c6d-12 > .kt-row-column-wrap) > .wp-block-kadence-column{justify-content:start;}.kb-row-layout-id2583_726c6d-12 > .kt-row-column-wrap{column-gap:var(--global-kb-gap-md, 2rem);row-gap:var(--global-kb-gap-md, 2rem);padding-top:var(--global-kb-spacing-sm, 1.5rem);grid-template-columns:minmax(0, 1fr);}.kb-row-layout-id2583_726c6d-12 > .kt-row-layout-overlay{opacity:0.30;}.kb-row-layout-id2583_726c6d-12{z-index:10;position:relative;}@media all and (max-width: 1024px){.kb-row-layout-id2583_726c6d-12 > .kt-row-column-wrap{grid-template-columns:minmax(0, 1fr);}}@media all and (max-width: 767px){.kb-row-layout-id2583_726c6d-12 > .kt-row-column-wrap{grid-template-columns:minmax(0, 1fr);}}<\/style><div class=\"kb-row-layout-wrap kb-row-layout-id2583_726c6d-12 alignnone stic wp-block-kadence-rowlayout\"><div class=\"kt-row-column-wrap kt-has-1-columns kt-row-layout-equal kt-tab-layout-inherit kt-mobile-layout-row kt-row-valign-top\">\n<style>.kadence-column2583_4f7a5f-42 > .kt-inside-inner-col{padding-top:var(--global-kb-spacing-5xl, 10rem);padding-bottom:0px;}.kadence-column2583_4f7a5f-42 > .kt-inside-inner-col,.kadence-column2583_4f7a5f-42 > .kt-inside-inner-col:before{border-top-left-radius:0px;border-top-right-radius:0px;border-bottom-right-radius:0px;border-bottom-left-radius:0px;}.kadence-column2583_4f7a5f-42 > .kt-inside-inner-col{column-gap:var(--global-kb-gap-sm, 1rem);}.kadence-column2583_4f7a5f-42 > .kt-inside-inner-col{flex-direction:column;}.kadence-column2583_4f7a5f-42 > .kt-inside-inner-col > .aligncenter{width:100%;}.kadence-column2583_4f7a5f-42 > .kt-inside-inner-col{background-color:var(--global-palette4, #2D3748);}.kadence-column2583_4f7a5f-42 > .kt-inside-inner-col:before{opacity:0.5;background-color:var(--global-palette3, #1A202C);}.kadence-column2583_4f7a5f-42{position:relative;}.kadence-column2583_4f7a5f-42, .kt-inside-inner-col > .kadence-column2583_4f7a5f-42:not(.specificity){margin-top:-40px;}@media all and (max-width: 1024px){.kadence-column2583_4f7a5f-42 > .kt-inside-inner-col{flex-direction:column;justify-content:center;}}@media all and (max-width: 767px){.kadence-column2583_4f7a5f-42 > .kt-inside-inner-col{flex-direction:column;justify-content:center;}}<\/style>\n<div class=\"wp-block-kadence-column kadence-column2583_4f7a5f-42 kb-section-has-overlay sticky\"><div class=\"kt-inside-inner-col\">\n<div class=\"wp-block-senff-sticky-block\" data-topspace=\"0\" data-cfa=\"true\" data-minwidth=\"0\" data-maxwidth=\"99999\" data-pushup=\"\" data-zindex=\"1\"><style>.wp-block-kadence-image.kb-image2583_b028bd-ca:not(.kb-specificity-added):not(.kb-extra-specificity-added){margin-bottom:-160px;}.kb-image2583_b028bd-ca.kb-image-is-ratio-size, .kb-image2583_b028bd-ca .kb-image-is-ratio-size{max-width:700px;width:100%;}.wp-block-kadence-column > .kt-inside-inner-col > .kb-image2583_b028bd-ca.kb-image-is-ratio-size, .wp-block-kadence-column > .kt-inside-inner-col > .kb-image2583_b028bd-ca .kb-image-is-ratio-size{align-self:unset;}.kb-image2583_b028bd-ca figure{max-width:700px;}.kb-image2583_b028bd-ca .image-is-svg, .kb-image2583_b028bd-ca .image-is-svg img{width:100%;}.kb-image2583_b028bd-ca .kb-image-has-overlay:after{opacity:0.3;}.kb-image2583_b028bd-ca img.kb-img, .kb-image2583_b028bd-ca .kb-img img{border-top:20px solid #ffffff;border-right:20px solid #ffffff;border-bottom:20px solid #ffffff;border-left:20px solid #ffffff;}@media all and (max-width: 1024px){.kb-image2583_b028bd-ca img.kb-img, .kb-image2583_b028bd-ca .kb-img img{border-top:20px solid #ffffff;border-right:20px solid #ffffff;border-bottom:20px solid #ffffff;border-left:20px solid #ffffff;}}@media all and (max-width: 767px){.kb-image2583_b028bd-ca img.kb-img, .kb-image2583_b028bd-ca .kb-img img{border-top:20px solid #ffffff;border-right:20px solid #ffffff;border-bottom:20px solid #ffffff;border-left:20px solid #ffffff;}}<\/style>\n<div class=\"wp-block-kadence-image kb-image2583_b028bd-ca sticky-image\"><figure class=\"aligncenter\"><img decoding=\"async\" width=\"1500\" height=\"652\" src=\"https:\/\/www.shrprodukt.fi\/wp-content\/uploads\/2025\/10\/NY-fackverksbalk-FI.jpg\" class=\"kb-img wp-image-3544\" srcset=\"https:\/\/www.shrprodukt.fi\/wp-content\/uploads\/2025\/10\/NY-fackverksbalk-FI.jpg 1500w, https:\/\/www.shrprodukt.fi\/wp-content\/uploads\/2025\/10\/NY-fackverksbalk-FI-300x130.jpg 300w, https:\/\/www.shrprodukt.fi\/wp-content\/uploads\/2025\/10\/NY-fackverksbalk-FI-1024x445.jpg 1024w, https:\/\/www.shrprodukt.fi\/wp-content\/uploads\/2025\/10\/NY-fackverksbalk-FI-768x334.jpg 768w\" sizes=\"(max-width: 1500px) 100vw, 1500px\" \/><\/figure><\/div>\n<\/div>\n<\/div><\/div>\n\n<\/div><\/div>\n\n<style>.kadence-column2583_ac1108-5f > .kt-inside-inner-col,.kadence-column2583_ac1108-5f > .kt-inside-inner-col:before{border-top-left-radius:0px;border-top-right-radius:0px;border-bottom-right-radius:0px;border-bottom-left-radius:0px;}.kadence-column2583_ac1108-5f > .kt-inside-inner-col{column-gap:var(--global-kb-gap-sm, 1rem);}.kadence-column2583_ac1108-5f > .kt-inside-inner-col{flex-direction:column;}.kadence-column2583_ac1108-5f > .kt-inside-inner-col > .aligncenter{width:100%;}.kadence-column2583_ac1108-5f > .kt-inside-inner-col:before{opacity:0.3;}.kadence-column2583_ac1108-5f{position:relative;}@media all and (max-width: 1024px){.kadence-column2583_ac1108-5f > .kt-inside-inner-col{flex-direction:column;justify-content:center;}}@media all and (max-width: 767px){.kadence-column2583_ac1108-5f > .kt-inside-inner-col{flex-direction:column;justify-content:center;}}<\/style>\n<div class=\"wp-block-kadence-column kadence-column2583_ac1108-5f\"><div class=\"kt-inside-inner-col\"><style>.kb-row-layout-id2583_b38946-fb > .kt-row-column-wrap{align-content:start;}:where(.kb-row-layout-id2583_b38946-fb > .kt-row-column-wrap) > .wp-block-kadence-column{justify-content:start;}.kb-row-layout-id2583_b38946-fb > .kt-row-column-wrap{column-gap:var(--global-kb-gap-md, 2rem);row-gap:var(--global-kb-gap-md, 2rem);max-width:var( --global-content-width, 1290px );padding-left:var(--global-content-edge-padding);padding-right:var(--global-content-edge-padding);padding-top:250px;padding-bottom:24px;grid-template-columns:minmax(0, 1fr);}.kb-row-layout-id2583_b38946-fb > .kt-row-layout-overlay{opacity:0.30;}@media all and (max-width: 1024px){.kb-row-layout-id2583_b38946-fb > .kt-row-column-wrap{grid-template-columns:minmax(0, 1fr);}}@media all and (max-width: 767px){.kb-row-layout-id2583_b38946-fb > .kt-row-column-wrap{grid-template-columns:minmax(0, 1fr);}}<\/style><div class=\"kb-row-layout-wrap kb-row-layout-id2583_b38946-fb alignnone wp-block-kadence-rowlayout\"><div class=\"kt-row-column-wrap kt-has-1-columns kt-row-layout-equal kt-tab-layout-inherit kt-mobile-layout-row kt-row-valign-top kb-theme-content-width\">\n<style>.kadence-column2583_70c958-b8 > .kt-inside-inner-col,.kadence-column2583_70c958-b8 > .kt-inside-inner-col:before{border-top-left-radius:0px;border-top-right-radius:0px;border-bottom-right-radius:0px;border-bottom-left-radius:0px;}.kadence-column2583_70c958-b8 > .kt-inside-inner-col{column-gap:var(--global-kb-gap-sm, 1rem);}.kadence-column2583_70c958-b8 > .kt-inside-inner-col{flex-direction:column;}.kadence-column2583_70c958-b8 > .kt-inside-inner-col > .aligncenter{width:100%;}.kadence-column2583_70c958-b8 > .kt-inside-inner-col:before{opacity:0.3;}.kadence-column2583_70c958-b8{position:relative;}@media all and (max-width: 1024px){.kadence-column2583_70c958-b8 > .kt-inside-inner-col{flex-direction:column;justify-content:center;}}@media all and (max-width: 767px){.kadence-column2583_70c958-b8 > .kt-inside-inner-col{flex-direction:column;justify-content:center;}}<\/style>\n<div class=\"wp-block-kadence-column kadence-column2583_70c958-b8\"><div class=\"kt-inside-inner-col\"><div class=\"wpforms-container wpforms-container-full wpforms-block wpforms-block-9115ab79-3cc1-47aa-a2a2-6a294ed6c2ba wpforms-render-modern\" id=\"wpforms-2944\"><form id=\"wpforms-form-2944\" class=\"wpforms-validate wpforms-form wpforms-ajax-form\" data-formid=\"2944\" method=\"post\" enctype=\"multipart\/form-data\" action=\"\/fi\/wp-json\/wp\/v2\/pages\/2583\" data-token=\"94272b0a920b78e75ba65c5a28b00b1d\" data-token-time=\"1778069462\"><noscript class=\"wpforms-error-noscript\">Please enable JavaScript in your browser to complete this form.<\/noscript><div id=\"wpforms-error-noscript\" style=\"display: none;\">Please enable JavaScript in your browser to complete this form.<\/div><div class=\"wpforms-field-container\"><div id=\"wpforms-2944-field_4-container\" class=\"wpforms-field wpforms-field-text\" data-field-id=\"4\"><label class=\"wpforms-field-label\" for=\"wpforms-2944-field_4\">Alapaarteen pituus (mm) <span class=\"wpforms-required-label\" aria-hidden=\"true\">*<\/span><\/label><input type=\"text\" id=\"wpforms-2944-field_4\" class=\"wpforms-field-large wpforms-field-required\" name=\"wpforms[fields][4]\" placeholder=\"Pituus sein\u00e4st\u00e4 sein\u00e4\u00e4n millimetreiss\u00e4.\" aria-errormessage=\"wpforms-2944-field_4-error\" required><\/div><div id=\"wpforms-2944-field_5-container\" class=\"wpforms-field wpforms-field-text\" data-field-id=\"5\"><label class=\"wpforms-field-label\" for=\"wpforms-2944-field_5\">Tuen leveys (mm)<\/label><input type=\"text\" id=\"wpforms-2944-field_5\" class=\"wpforms-field-large\" name=\"wpforms[fields][5]\" placeholder=\"Tuen leveys millimetreiss\u00e4.\" aria-errormessage=\"wpforms-2944-field_5-error\" ><\/div><div id=\"wpforms-2944-field_6-container\" class=\"wpforms-field wpforms-field-text\" data-field-id=\"6\"><label class=\"wpforms-field-label\" for=\"wpforms-2944-field_6\">Palkin korkeus <span class=\"wpforms-required-label\" aria-hidden=\"true\">*<\/span><\/label><input type=\"text\" id=\"wpforms-2944-field_6\" class=\"wpforms-field-large wpforms-field-required\" name=\"wpforms[fields][6]\" placeholder=\"Palkin kokonaiskorkeus millimetreiss\u00e4.\" aria-errormessage=\"wpforms-2944-field_6-error\" required><\/div><div id=\"wpforms-2944-field_14-container\" class=\"wpforms-field wpforms-field-text\" data-field-id=\"14\"><label class=\"wpforms-field-label\" for=\"wpforms-2944-field_14\">M\u00e4\u00e4r\u00e4 <span class=\"wpforms-required-label\" aria-hidden=\"true\">*<\/span><\/label><input type=\"text\" id=\"wpforms-2944-field_14\" class=\"wpforms-field-large wpforms-field-required\" name=\"wpforms[fields][14]\" aria-errormessage=\"wpforms-2944-field_14-error\" required><\/div><div id=\"wpforms-2944-field_15-container\" class=\"wpforms-field wpforms-field-textarea\" data-field-id=\"15\"><label class=\"wpforms-field-label\" for=\"wpforms-2944-field_15\">Lis\u00e4tietoja<\/label><textarea id=\"wpforms-2944-field_15\" class=\"wpforms-field-medium\" name=\"wpforms[fields][15]\" placeholder=\"Kirjoita kentt\u00e4\u00e4n asioita, jotka meid\u00e4n tulisi huomioida.\" aria-errormessage=\"wpforms-2944-field_15-error\" ><\/textarea><\/div><div id=\"wpforms-2944-field_1-container\" class=\"wpforms-field wpforms-field-name\" data-field-id=\"1\"><label class=\"wpforms-field-label\" for=\"wpforms-2944-field_1\">Nimi <span class=\"wpforms-required-label\" aria-hidden=\"true\">*<\/span><\/label><input type=\"text\" id=\"wpforms-2944-field_1\" class=\"wpforms-field-large wpforms-field-required\" name=\"wpforms[fields][1]\" aria-errormessage=\"wpforms-2944-field_1-error\" required><\/div>\t\t<div id=\"wpforms-2944-field_3-container\"\n\t\t\tclass=\"wpforms-field wpforms-field-text\"\n\t\t\tdata-field-type=\"text\"\n\t\t\tdata-field-id=\"3\"\n\t\t\t>\n\t\t\t<label class=\"wpforms-field-label\" for=\"wpforms-2944-field_3\" >Tuen leveys postitoimipaikka<\/label>\n\t\t\t<input type=\"text\" id=\"wpforms-2944-field_3\" class=\"wpforms-field-medium\" name=\"wpforms[fields][3]\" >\n\t\t<\/div>\n\t\t<div id=\"wpforms-2944-field_2-container\" class=\"wpforms-field wpforms-field-email\" data-field-id=\"2\"><label class=\"wpforms-field-label\" for=\"wpforms-2944-field_2\">S-posti <span class=\"wpforms-required-label\" aria-hidden=\"true\">*<\/span><\/label><input type=\"email\" id=\"wpforms-2944-field_2\" class=\"wpforms-field-large wpforms-field-required\" name=\"wpforms[fields][2]\" spellcheck=\"false\" aria-errormessage=\"wpforms-2944-field_2-error\" required><\/div><div id=\"wpforms-2944-field_16-container\" class=\"wpforms-field wpforms-field-text\" data-field-id=\"16\"><label class=\"wpforms-field-label\" for=\"wpforms-2944-field_16\">Puhelinnumero <span class=\"wpforms-required-label\" aria-hidden=\"true\">*<\/span><\/label><input type=\"text\" id=\"wpforms-2944-field_16\" class=\"wpforms-field-large wpforms-field-required\" name=\"wpforms[fields][16]\" aria-errormessage=\"wpforms-2944-field_16-error\" required><\/div><div id=\"wpforms-2944-field_17-container\" class=\"wpforms-field wpforms-field-text\" data-field-id=\"17\"><label class=\"wpforms-field-label\" for=\"wpforms-2944-field_17\">L\u00e4hiosoite <span class=\"wpforms-required-label\" aria-hidden=\"true\">*<\/span><\/label><input type=\"text\" id=\"wpforms-2944-field_17\" class=\"wpforms-field-large wpforms-field-required\" name=\"wpforms[fields][17]\" aria-errormessage=\"wpforms-2944-field_17-error\" required><\/div><div id=\"wpforms-2944-field_18-container\" class=\"wpforms-field wpforms-field-text\" data-field-id=\"18\"><label class=\"wpforms-field-label\" for=\"wpforms-2944-field_18\">Postinumero ja postitoimipaikka <span class=\"wpforms-required-label\" aria-hidden=\"true\">*<\/span><\/label><input type=\"text\" id=\"wpforms-2944-field_18\" class=\"wpforms-field-large wpforms-field-required\" name=\"wpforms[fields][18]\" aria-errormessage=\"wpforms-2944-field_18-error\" required><\/div><script>\n\t\t\t\t( function() {\n\t\t\t\t\tconst style = document.createElement( 'style' );\n\t\t\t\t\tstyle.appendChild( document.createTextNode( '#wpforms-2944-field_3-container { position: absolute !important; overflow: hidden !important; display: inline !important; height: 1px !important; width: 1px !important; z-index: -1000 !important; padding: 0 !important; } #wpforms-2944-field_3-container input { visibility: hidden; } #wpforms-conversational-form-page #wpforms-2944-field_3-container label { counter-increment: none; }' ) );\n\t\t\t\t\tdocument.head.appendChild( style );\n\t\t\t\t\tdocument.currentScript?.remove();\n\t\t\t\t} )();\n\t\t\t<\/script><\/div><!-- .wpforms-field-container --><div class=\"wpforms-submit-container\" ><input type=\"hidden\" name=\"wpforms[id]\" value=\"2944\"><input type=\"hidden\" name=\"page_title\" value=\"\"><input type=\"hidden\" name=\"page_url\" value=\"https:\/\/www.shrprodukt.fi\/fi\/wp-json\/wp\/v2\/pages\/2583\"><input type=\"hidden\" name=\"url_referer\" value=\"\"><button type=\"submit\" name=\"wpforms[submit]\" id=\"wpforms-submit-2944\" class=\"wpforms-submit\" data-alt-text=\"L\u00c4HETT\u00c4\u00c4...\" data-submit-text=\"L\u00c4HET\u00c4\" aria-live=\"assertive\" value=\"wpforms-submit\">L\u00c4HET\u00c4<\/button><img decoding=\"async\" src=\"https:\/\/www.shrprodukt.fi\/wp-content\/plugins\/wpforms\/assets\/images\/submit-spin.svg\" class=\"wpforms-submit-spinner\" style=\"display: none;\" width=\"26\" height=\"26\" alt=\"Loading\"><\/div><\/form><\/div>  <!-- .wpforms-container --><\/div><\/div>\n\n<\/div><\/div>\n\n\n<p><\/p>\n<\/div><\/div>\n","protected":false},"excerpt":{"rendered":"","protected":false},"author":1,"featured_media":0,"parent":0,"menu_order":0,"comment_status":"closed","ping_status":"closed","template":"","meta":{"give_campaign_id":0,"_kad_blocks_custom_css":"","_kad_blocks_head_custom_js":"","_kad_blocks_body_custom_js":"","_kad_blocks_footer_custom_js":"","_kadence_starter_templates_imported_post":false,"_kad_post_transparent":"","_kad_post_title":"hide","_kad_post_layout":"fullwidth","_kad_post_sidebar_id":"","_kad_post_content_style":"unboxed","_kad_post_vertical_padding":"","_kad_post_feature":"","_kad_post_feature_position":"","_kad_post_header":false,"_kad_post_footer":false,"_kad_post_classname":"","footnotes":""},"class_list":["post-2583","page","type-page","status-publish","hentry"],"campaignId":"","taxonomy_info":[],"featured_image_src_large":false,"author_info":{"display_name":"admin","author_link":"https:\/\/www.shrprodukt.fi\/fi\/author\/admin\/"},"comment_info":0,"_links":{"self":[{"href":"https:\/\/www.shrprodukt.fi\/fi\/wp-json\/wp\/v2\/pages\/2583","targetHints":{"allow":["GET"]}}],"collection":[{"href":"https:\/\/www.shrprodukt.fi\/fi\/wp-json\/wp\/v2\/pages"}],"about":[{"href":"https:\/\/www.shrprodukt.fi\/fi\/wp-json\/wp\/v2\/types\/page"}],"author":[{"embeddable":true,"href":"https:\/\/www.shrprodukt.fi\/fi\/wp-json\/wp\/v2\/users\/1"}],"replies":[{"embeddable":true,"href":"https:\/\/www.shrprodukt.fi\/fi\/wp-json\/wp\/v2\/comments?post=2583"}],"version-history":[{"count":7,"href":"https:\/\/www.shrprodukt.fi\/fi\/wp-json\/wp\/v2\/pages\/2583\/revisions"}],"predecessor-version":[{"id":3546,"href":"https:\/\/www.shrprodukt.fi\/fi\/wp-json\/wp\/v2\/pages\/2583\/revisions\/3546"}],"wp:attachment":[{"href":"https:\/\/www.shrprodukt.fi\/fi\/wp-json\/wp\/v2\/media?parent=2583"}],"curies":[{"name":"wp","href":"https:\/\/api.w.org\/{rel}","templated":true}]}}