{"id":2581,"date":"2024-10-01T10:07:29","date_gmt":"2024-10-01T10:07:29","guid":{"rendered":"https:\/\/shrprodukt.multi.fi\/offert-fackverkstakstol\/"},"modified":"2025-10-03T07:15:21","modified_gmt":"2025-10-03T07:15:21","slug":"tarjous-harjaristikko","status":"publish","type":"page","link":"https:\/\/www.shrprodukt.fi\/fi\/tarjous-harjaristikko\/","title":{"rendered":"Tarjous &#8211; Harjaristikko"},"content":{"rendered":"<style>.kb-row-layout-id2581_d189bd-77 > .kt-row-column-wrap{align-content:start;}:where(.kb-row-layout-id2581_d189bd-77 > .kt-row-column-wrap) > .wp-block-kadence-column{justify-content:start;}.kb-row-layout-id2581_d189bd-77 > .kt-row-column-wrap{column-gap:var(--global-kb-gap-md, 2rem);row-gap:var(--global-kb-gap-md, 2rem);padding-top:var(--global-kb-spacing-sm, 1.5rem);grid-template-columns:minmax(0, 1fr);}.kb-row-layout-id2581_d189bd-77 > .kt-row-layout-overlay{opacity:0.30;}.kb-row-layout-id2581_d189bd-77{z-index:10;position:relative;}@media all and (max-width: 1024px){.kb-row-layout-id2581_d189bd-77 > .kt-row-column-wrap{grid-template-columns:minmax(0, 1fr);}}@media all and (max-width: 767px){.kb-row-layout-id2581_d189bd-77 > .kt-row-column-wrap{grid-template-columns:minmax(0, 1fr);}}<\/style><div class=\"kb-row-layout-wrap kb-row-layout-id2581_d189bd-77 alignnone stic wp-block-kadence-rowlayout\"><div class=\"kt-row-column-wrap kt-has-1-columns kt-row-layout-equal kt-tab-layout-inherit kt-mobile-layout-row kt-row-valign-top\">\n<style>.kadence-column2581_e116bc-10 > .kt-inside-inner-col{padding-top:var(--global-kb-spacing-5xl, 10rem);padding-bottom:0px;}.kadence-column2581_e116bc-10 > .kt-inside-inner-col,.kadence-column2581_e116bc-10 > .kt-inside-inner-col:before{border-top-left-radius:0px;border-top-right-radius:0px;border-bottom-right-radius:0px;border-bottom-left-radius:0px;}.kadence-column2581_e116bc-10 > .kt-inside-inner-col{column-gap:var(--global-kb-gap-sm, 1rem);}.kadence-column2581_e116bc-10 > .kt-inside-inner-col{flex-direction:column;}.kadence-column2581_e116bc-10 > .kt-inside-inner-col > .aligncenter{width:100%;}.kadence-column2581_e116bc-10 > .kt-inside-inner-col{background-color:var(--global-palette4, #2D3748);}.kadence-column2581_e116bc-10 > .kt-inside-inner-col:before{opacity:0.5;background-color:var(--global-palette3, #1A202C);}.kadence-column2581_e116bc-10{position:relative;}.kadence-column2581_e116bc-10, .kt-inside-inner-col > .kadence-column2581_e116bc-10:not(.specificity){margin-top:-40px;}@media all and (max-width: 1024px){.kadence-column2581_e116bc-10 > .kt-inside-inner-col{flex-direction:column;justify-content:center;}}@media all and (max-width: 767px){.kadence-column2581_e116bc-10 > .kt-inside-inner-col{flex-direction:column;justify-content:center;}}<\/style>\n<div class=\"wp-block-kadence-column kadence-column2581_e116bc-10 kb-section-has-overlay sticky\"><div class=\"kt-inside-inner-col\">\n<div class=\"wp-block-senff-sticky-block\" data-topspace=\"0\" data-cfa=\"true\" data-minwidth=\"0\" data-maxwidth=\"99999\" data-pushup=\"\" data-zindex=\"1\"><style>.wp-block-kadence-image.kb-image2581_d6df3f-0f:not(.kb-specificity-added):not(.kb-extra-specificity-added){margin-bottom:-160px;}.kb-image2581_d6df3f-0f.kb-image-is-ratio-size, .kb-image2581_d6df3f-0f .kb-image-is-ratio-size{max-width:700px;width:100%;}.wp-block-kadence-column > .kt-inside-inner-col > .kb-image2581_d6df3f-0f.kb-image-is-ratio-size, .wp-block-kadence-column > .kt-inside-inner-col > .kb-image2581_d6df3f-0f .kb-image-is-ratio-size{align-self:unset;}.kb-image2581_d6df3f-0f figure{max-width:700px;}.kb-image2581_d6df3f-0f .image-is-svg, .kb-image2581_d6df3f-0f .image-is-svg img{width:100%;}.kb-image2581_d6df3f-0f .kb-image-has-overlay:after{opacity:0.3;}.kb-image2581_d6df3f-0f img.kb-img, .kb-image2581_d6df3f-0f .kb-img img{border-top:20px solid #ffffff;border-right:20px solid #ffffff;border-bottom:20px solid #ffffff;border-left:20px solid #ffffff;}@media all and (max-width: 1024px){.kb-image2581_d6df3f-0f img.kb-img, .kb-image2581_d6df3f-0f .kb-img img{border-top:20px solid #ffffff;border-right:20px solid #ffffff;border-bottom:20px solid #ffffff;border-left:20px solid #ffffff;}}@media all and (max-width: 767px){.kb-image2581_d6df3f-0f img.kb-img, .kb-image2581_d6df3f-0f .kb-img img{border-top:20px solid #ffffff;border-right:20px solid #ffffff;border-bottom:20px solid #ffffff;border-left:20px solid #ffffff;}}<\/style>\n<div class=\"wp-block-kadence-image kb-image2581_d6df3f-0f sticky-image\"><figure class=\"aligncenter\"><img decoding=\"async\" width=\"1500\" height=\"688\" src=\"https:\/\/www.shrprodukt.fi\/wp-content\/uploads\/2025\/10\/NY-fackverkstakstol-FI.jpg\" class=\"kb-img wp-image-3549\" srcset=\"https:\/\/www.shrprodukt.fi\/wp-content\/uploads\/2025\/10\/NY-fackverkstakstol-FI.jpg 1500w, https:\/\/www.shrprodukt.fi\/wp-content\/uploads\/2025\/10\/NY-fackverkstakstol-FI-300x138.jpg 300w, https:\/\/www.shrprodukt.fi\/wp-content\/uploads\/2025\/10\/NY-fackverkstakstol-FI-1024x470.jpg 1024w, https:\/\/www.shrprodukt.fi\/wp-content\/uploads\/2025\/10\/NY-fackverkstakstol-FI-768x352.jpg 768w\" sizes=\"(max-width: 1500px) 100vw, 1500px\" \/><\/figure><\/div>\n<\/div>\n<\/div><\/div>\n\n<\/div><\/div>\n\n<style>.kadence-column2581_fcdba3-fc > .kt-inside-inner-col,.kadence-column2581_fcdba3-fc > .kt-inside-inner-col:before{border-top-left-radius:0px;border-top-right-radius:0px;border-bottom-right-radius:0px;border-bottom-left-radius:0px;}.kadence-column2581_fcdba3-fc > .kt-inside-inner-col{column-gap:var(--global-kb-gap-sm, 1rem);}.kadence-column2581_fcdba3-fc > .kt-inside-inner-col{flex-direction:column;}.kadence-column2581_fcdba3-fc > .kt-inside-inner-col > .aligncenter{width:100%;}.kadence-column2581_fcdba3-fc > .kt-inside-inner-col:before{opacity:0.3;}.kadence-column2581_fcdba3-fc{position:relative;}@media all and (max-width: 1024px){.kadence-column2581_fcdba3-fc > .kt-inside-inner-col{flex-direction:column;justify-content:center;}}@media all and (max-width: 767px){.kadence-column2581_fcdba3-fc > .kt-inside-inner-col{flex-direction:column;justify-content:center;}}<\/style>\n<div class=\"wp-block-kadence-column kadence-column2581_fcdba3-fc\"><div class=\"kt-inside-inner-col\"><style>.kb-row-layout-id2581_d53620-39 > .kt-row-column-wrap{align-content:start;}:where(.kb-row-layout-id2581_d53620-39 > .kt-row-column-wrap) > .wp-block-kadence-column{justify-content:start;}.kb-row-layout-id2581_d53620-39 > .kt-row-column-wrap{column-gap:var(--global-kb-gap-md, 2rem);row-gap:var(--global-kb-gap-md, 2rem);max-width:var( --global-content-width, 1290px );padding-left:var(--global-content-edge-padding);padding-right:var(--global-content-edge-padding);padding-top:250px;padding-bottom:24px;grid-template-columns:minmax(0, 1fr);}.kb-row-layout-id2581_d53620-39 > .kt-row-layout-overlay{opacity:0.30;}@media all and (max-width: 1024px){.kb-row-layout-id2581_d53620-39 > .kt-row-column-wrap{grid-template-columns:minmax(0, 1fr);}}@media all and (max-width: 767px){.kb-row-layout-id2581_d53620-39 > .kt-row-column-wrap{grid-template-columns:minmax(0, 1fr);}}<\/style><div class=\"kb-row-layout-wrap kb-row-layout-id2581_d53620-39 alignnone wp-block-kadence-rowlayout\"><div class=\"kt-row-column-wrap kt-has-1-columns kt-row-layout-equal kt-tab-layout-inherit kt-mobile-layout-row kt-row-valign-top kb-theme-content-width\">\n<style>.kadence-column2581_a090ca-e6 > .kt-inside-inner-col,.kadence-column2581_a090ca-e6 > .kt-inside-inner-col:before{border-top-left-radius:0px;border-top-right-radius:0px;border-bottom-right-radius:0px;border-bottom-left-radius:0px;}.kadence-column2581_a090ca-e6 > .kt-inside-inner-col{column-gap:var(--global-kb-gap-sm, 1rem);}.kadence-column2581_a090ca-e6 > .kt-inside-inner-col{flex-direction:column;}.kadence-column2581_a090ca-e6 > .kt-inside-inner-col > .aligncenter{width:100%;}.kadence-column2581_a090ca-e6 > .kt-inside-inner-col:before{opacity:0.3;}.kadence-column2581_a090ca-e6{position:relative;}@media all and (max-width: 1024px){.kadence-column2581_a090ca-e6 > .kt-inside-inner-col{flex-direction:column;justify-content:center;}}@media all and (max-width: 767px){.kadence-column2581_a090ca-e6 > .kt-inside-inner-col{flex-direction:column;justify-content:center;}}<\/style>\n<div class=\"wp-block-kadence-column kadence-column2581_a090ca-e6\"><div class=\"kt-inside-inner-col\"><div class=\"wpforms-container wpforms-container-full wpforms-block wpforms-block-9115ab79-3cc1-47aa-a2a2-6a294ed6c2ba wpforms-render-modern\" id=\"wpforms-2955\"><form id=\"wpforms-form-2955\" class=\"wpforms-validate wpforms-form wpforms-ajax-form\" data-formid=\"2955\" method=\"post\" enctype=\"multipart\/form-data\" action=\"\/fi\/wp-json\/wp\/v2\/pages\/2581?wpforms_form_id=2955\" data-token=\"91c9d2da227a90e9b49956628331ee64\" data-token-time=\"1778073412\"><noscript class=\"wpforms-error-noscript\">Please enable JavaScript in your browser to complete this form.<\/noscript><div id=\"wpforms-error-noscript\" style=\"display: none;\">Please enable JavaScript in your browser to complete this form.<\/div><div class=\"wpforms-field-container\"><div id=\"wpforms-2955-field_4-container\" class=\"wpforms-field wpforms-field-text\" data-field-id=\"4\"><label class=\"wpforms-field-label\" for=\"wpforms-2955-field_4\">Alapaarteen pituus (mm) <span class=\"wpforms-required-label\" aria-hidden=\"true\">*<\/span><\/label><input type=\"text\" id=\"wpforms-2955-field_4\" class=\"wpforms-field-large wpforms-field-required\" name=\"wpforms[fields][4]\" placeholder=\"Pituus sein\u00e4st\u00e4 sein\u00e4\u00e4n millimetreiss\u00e4.\" aria-errormessage=\"wpforms-2955-field_4-error\" required><\/div><div id=\"wpforms-2955-field_5-container\" class=\"wpforms-field wpforms-field-text\" data-field-id=\"5\"><label class=\"wpforms-field-label\" for=\"wpforms-2955-field_5\">Tuen leveys (mm)<\/label><input type=\"text\" id=\"wpforms-2955-field_5\" class=\"wpforms-field-large\" name=\"wpforms[fields][5]\" placeholder=\"Tuen leveys millimetreiss\u00e4.\" aria-errormessage=\"wpforms-2955-field_5-error\" ><\/div><div id=\"wpforms-2955-field_6-container\" class=\"wpforms-field wpforms-field-text\" data-field-id=\"6\"><label class=\"wpforms-field-label\" for=\"wpforms-2955-field_6\">Tukikorkeus (mm)<\/label><input type=\"text\" id=\"wpforms-2955-field_6\" class=\"wpforms-field-large\" name=\"wpforms[fields][6]\" placeholder=\"Tukikorkeus millimetreiss\u00e4.\" aria-errormessage=\"wpforms-2955-field_6-error\" ><\/div><div id=\"wpforms-2955-field_7-container\" class=\"wpforms-field wpforms-field-text\" data-field-id=\"7\"><label class=\"wpforms-field-label\" for=\"wpforms-2955-field_7\">R\u00e4yst\u00e4s (mm)<\/label><input type=\"text\" id=\"wpforms-2955-field_7\" class=\"wpforms-field-large\" name=\"wpforms[fields][7]\" placeholder=\"R\u00e4yst\u00e4\u00e4n vaakamitta. Jos vasen ja oikea ovat eripituiset, erota lukemat \/ -merkill\u00e4 (esim. 500\/700).\" aria-errormessage=\"wpforms-2955-field_7-error\" ><\/div><div id=\"wpforms-2955-field_8-container\" class=\"wpforms-field wpforms-field-text\" data-field-id=\"8\"><label class=\"wpforms-field-label\" for=\"wpforms-2955-field_8\">Harjan et\u00e4isyys reunoilta (mm)<\/label><input type=\"text\" id=\"wpforms-2955-field_8\" class=\"wpforms-field-large\" name=\"wpforms[fields][8]\" placeholder=\"Et\u00e4isyys harjalta kattotuolin p\u00e4\u00e4h\u00e4n (r\u00e4yst\u00e4st\u00e4 ei huomioida). Jos vasen ja oikea ovat eri pituiset, erota lukema \/ -merkill\u00e4 (esim. 3200\/4800)\" aria-errormessage=\"wpforms-2955-field_8-error\" ><\/div><div id=\"wpforms-2955-field_9-container\" class=\"wpforms-field wpforms-field-text\" data-field-id=\"9\"><label class=\"wpforms-field-label\" for=\"wpforms-2955-field_9\">Kokonaiskorkeus (mm)<\/label><input type=\"text\" id=\"wpforms-2955-field_9\" class=\"wpforms-field-large\" name=\"wpforms[fields][9]\" placeholder=\"Kattotuolin kokonaiskorkeus millimetreiss\u00e4.\" aria-errormessage=\"wpforms-2955-field_9-error\" ><\/div><div id=\"wpforms-2955-field_10-container\" class=\"wpforms-field wpforms-field-radio wpforms-list-3-columns\" data-field-id=\"10\"><fieldset><legend class=\"wpforms-field-label\">Kaltevuus<\/legend><ul id=\"wpforms-2955-field_10\"><li class=\"choice-1 depth-1\"><input type=\"radio\" id=\"wpforms-2955-field_10_1\" name=\"wpforms[fields][10]\" value=\"1:4 (14,04 astetta)\" aria-errormessage=\"wpforms-2955-field_10_1-error\"  ><label class=\"wpforms-field-label-inline\" for=\"wpforms-2955-field_10_1\">1:4 (14,04 astetta)<\/label><\/li><li class=\"choice-2 depth-1\"><input type=\"radio\" id=\"wpforms-2955-field_10_2\" name=\"wpforms[fields][10]\" value=\"1:3 (18,43 astetta)\" aria-errormessage=\"wpforms-2955-field_10_2-error\"  ><label class=\"wpforms-field-label-inline\" for=\"wpforms-2955-field_10_2\">1:3 (18,43 astetta)<\/label><\/li><li class=\"choice-5 depth-1\"><input type=\"radio\" id=\"wpforms-2955-field_10_5\" name=\"wpforms[fields][10]\" value=\"1:2 (26,57 astetta)\" aria-errormessage=\"wpforms-2955-field_10_5-error\"  ><label class=\"wpforms-field-label-inline\" for=\"wpforms-2955-field_10_5\">1:2 (26,57 astetta)<\/label><\/li><li class=\"choice-4 depth-1\"><input type=\"radio\" id=\"wpforms-2955-field_10_4\" name=\"wpforms[fields][10]\" value=\"1:1.5 (33,69 astetta)\" aria-errormessage=\"wpforms-2955-field_10_4-error\"  ><label class=\"wpforms-field-label-inline\" for=\"wpforms-2955-field_10_4\">1:1.5 (33,69 astetta)<\/label><\/li><li class=\"choice-6 depth-1\"><input type=\"radio\" id=\"wpforms-2955-field_10_6\" name=\"wpforms[fields][10]\" value=\"Muu kaltevuus (t\u00e4yt\u00e4 kohtaan &quot;Lis\u00e4tietoja&quot;)\" aria-errormessage=\"wpforms-2955-field_10_6-error\"  ><label class=\"wpforms-field-label-inline\" for=\"wpforms-2955-field_10_6\">Muu kaltevuus (t\u00e4yt\u00e4 kohtaan &#8221;Lis\u00e4tietoja&#8221;)<\/label><\/li><\/ul><\/fieldset><\/div><div id=\"wpforms-2955-field_11-container\" class=\"wpforms-field wpforms-field-radio wpforms-list-2-columns\" data-field-id=\"11\"><fieldset><legend class=\"wpforms-field-label\">K-jako<\/legend><ul id=\"wpforms-2955-field_11\"><li class=\"choice-1 depth-1\"><input type=\"radio\" id=\"wpforms-2955-field_11_1\" name=\"wpforms[fields][11]\" value=\"K450\" aria-errormessage=\"wpforms-2955-field_11_1-error\"  ><label class=\"wpforms-field-label-inline\" for=\"wpforms-2955-field_11_1\">K450<\/label><\/li><li class=\"choice-2 depth-1\"><input type=\"radio\" id=\"wpforms-2955-field_11_2\" name=\"wpforms[fields][11]\" value=\"K600\" aria-errormessage=\"wpforms-2955-field_11_2-error\"  ><label class=\"wpforms-field-label-inline\" for=\"wpforms-2955-field_11_2\">K600<\/label><\/li><li class=\"choice-3 depth-1\"><input type=\"radio\" id=\"wpforms-2955-field_11_3\" name=\"wpforms[fields][11]\" value=\"K900\" aria-errormessage=\"wpforms-2955-field_11_3-error\"  ><label class=\"wpforms-field-label-inline\" for=\"wpforms-2955-field_11_3\">K900<\/label><\/li><li class=\"choice-5 depth-1\"><input type=\"radio\" id=\"wpforms-2955-field_11_5\" name=\"wpforms[fields][11]\" value=\"K1200\" aria-errormessage=\"wpforms-2955-field_11_5-error\"  ><label class=\"wpforms-field-label-inline\" for=\"wpforms-2955-field_11_5\">K1200<\/label><\/li><\/ul><\/fieldset><\/div><div id=\"wpforms-2955-field_12-container\" class=\"wpforms-field wpforms-field-radio wpforms-list-2-columns\" data-field-id=\"12\"><fieldset><legend class=\"wpforms-field-label\">R\u00e4yst\u00e4styyppi<\/legend><ul id=\"wpforms-2955-field_12\"><li class=\"choice-1 depth-1\"><input type=\"radio\" id=\"wpforms-2955-field_12_1\" name=\"wpforms[fields][12]\" value=\"Avor\u00e4yst\u00e4s\" aria-errormessage=\"wpforms-2955-field_12_1-error\"  ><label class=\"wpforms-field-label-inline\" for=\"wpforms-2955-field_12_1\">Avor\u00e4yst\u00e4s<\/label><\/li><li class=\"choice-2 depth-1\"><input type=\"radio\" id=\"wpforms-2955-field_12_2\" name=\"wpforms[fields][12]\" value=\"Umpir\u00e4yst\u00e4s (vaakapuulla)\" aria-errormessage=\"wpforms-2955-field_12_2-error\"  ><label class=\"wpforms-field-label-inline\" for=\"wpforms-2955-field_12_2\">Umpir\u00e4yst\u00e4s (vaakapuulla)<\/label><\/li><\/ul><\/fieldset><\/div><div id=\"wpforms-2955-field_13-container\" class=\"wpforms-field wpforms-field-radio wpforms-list-2-columns\" data-field-id=\"13\"><fieldset><legend class=\"wpforms-field-label\">R\u00e4yst\u00e4\u00e4n p\u00e4\u00e4n muoto<\/legend><ul id=\"wpforms-2955-field_13\"><li class=\"choice-1 depth-1\"><input type=\"radio\" id=\"wpforms-2955-field_13_1\" name=\"wpforms[fields][13]\" value=\"Suorakulma\" aria-errormessage=\"wpforms-2955-field_13_1-error\"  ><label class=\"wpforms-field-label-inline\" for=\"wpforms-2955-field_13_1\">Suorakulma<\/label><\/li><li class=\"choice-2 depth-1\"><input type=\"radio\" id=\"wpforms-2955-field_13_2\" name=\"wpforms[fields][13]\" value=\"Pystysuora\" aria-errormessage=\"wpforms-2955-field_13_2-error\"  ><label class=\"wpforms-field-label-inline\" for=\"wpforms-2955-field_13_2\">Pystysuora<\/label><\/li><\/ul><\/fieldset><\/div><div id=\"wpforms-2955-field_14-container\" class=\"wpforms-field wpforms-field-text\" data-field-id=\"14\"><label class=\"wpforms-field-label\" for=\"wpforms-2955-field_14\">M\u00e4\u00e4r\u00e4 <span class=\"wpforms-required-label\" aria-hidden=\"true\">*<\/span><\/label><input type=\"text\" id=\"wpforms-2955-field_14\" class=\"wpforms-field-large wpforms-field-required\" name=\"wpforms[fields][14]\" aria-errormessage=\"wpforms-2955-field_14-error\" required><\/div><div id=\"wpforms-2955-field_15-container\" class=\"wpforms-field wpforms-field-textarea\" data-field-id=\"15\"><label class=\"wpforms-field-label\" for=\"wpforms-2955-field_15\">Lis\u00e4tietoja<\/label><textarea id=\"wpforms-2955-field_15\" class=\"wpforms-field-medium\" name=\"wpforms[fields][15]\" placeholder=\"Skriv hit s\u00e5nt som du tycker vi borde beakta\" aria-errormessage=\"wpforms-2955-field_15-error\" ><\/textarea><\/div><div id=\"wpforms-2955-field_1-container\" class=\"wpforms-field wpforms-field-name\" data-field-id=\"1\"><label class=\"wpforms-field-label\" for=\"wpforms-2955-field_1\">Nimi <span class=\"wpforms-required-label\" aria-hidden=\"true\">*<\/span><\/label><input type=\"text\" id=\"wpforms-2955-field_1\" class=\"wpforms-field-large wpforms-field-required\" name=\"wpforms[fields][1]\" aria-errormessage=\"wpforms-2955-field_1-error\" required><\/div>\t\t<div id=\"wpforms-2955-field_3-container\"\n\t\t\tclass=\"wpforms-field wpforms-field-text\"\n\t\t\tdata-field-type=\"text\"\n\t\t\tdata-field-id=\"3\"\n\t\t\t>\n\t\t\t<label class=\"wpforms-field-label\" for=\"wpforms-2955-field_3\" >Postinumero muoto (mm)<\/label>\n\t\t\t<input type=\"text\" id=\"wpforms-2955-field_3\" class=\"wpforms-field-medium\" name=\"wpforms[fields][3]\" >\n\t\t<\/div>\n\t\t<div id=\"wpforms-2955-field_2-container\" class=\"wpforms-field wpforms-field-email\" data-field-id=\"2\"><label class=\"wpforms-field-label\" for=\"wpforms-2955-field_2\">S-posti <span class=\"wpforms-required-label\" aria-hidden=\"true\">*<\/span><\/label><input type=\"email\" id=\"wpforms-2955-field_2\" class=\"wpforms-field-large wpforms-field-required\" name=\"wpforms[fields][2]\" spellcheck=\"false\" aria-errormessage=\"wpforms-2955-field_2-error\" required><\/div><div id=\"wpforms-2955-field_16-container\" class=\"wpforms-field wpforms-field-text\" data-field-id=\"16\"><label class=\"wpforms-field-label\" for=\"wpforms-2955-field_16\">Puhelinnumero <span class=\"wpforms-required-label\" aria-hidden=\"true\">*<\/span><\/label><input type=\"text\" id=\"wpforms-2955-field_16\" class=\"wpforms-field-large wpforms-field-required\" name=\"wpforms[fields][16]\" aria-errormessage=\"wpforms-2955-field_16-error\" required><\/div><div id=\"wpforms-2955-field_17-container\" class=\"wpforms-field wpforms-field-text\" data-field-id=\"17\"><label class=\"wpforms-field-label\" for=\"wpforms-2955-field_17\">L\u00e4hiosoite <span class=\"wpforms-required-label\" aria-hidden=\"true\">*<\/span><\/label><input type=\"text\" id=\"wpforms-2955-field_17\" class=\"wpforms-field-large wpforms-field-required\" name=\"wpforms[fields][17]\" aria-errormessage=\"wpforms-2955-field_17-error\" required><\/div><div id=\"wpforms-2955-field_18-container\" class=\"wpforms-field wpforms-field-text\" data-field-id=\"18\"><label class=\"wpforms-field-label\" for=\"wpforms-2955-field_18\">Postinumero ja postitoimipaikka <span class=\"wpforms-required-label\" aria-hidden=\"true\">*<\/span><\/label><input type=\"text\" id=\"wpforms-2955-field_18\" class=\"wpforms-field-large wpforms-field-required\" name=\"wpforms[fields][18]\" aria-errormessage=\"wpforms-2955-field_18-error\" required><\/div><div id=\"wpforms-2955-field_19-container\" class=\"wpforms-field wpforms-field-file-upload\" data-field-id=\"19\"><label class=\"wpforms-field-label\" for=\"wpforms-2955-field_19\">Piirustukset<\/label><div\n\t\tclass=\"wpforms-uploader \"\n\t\tdata-field-id=\"19\"\n\t\tdata-form-id=\"2955\"\n\t\tdata-input-name=\"wpforms_2955_19\"\n\t\tdata-extensions=\"jpg,jpeg,jpe,gif,png,bmp,tiff,tif,webp,avif,ico,heic,heif,heics,heifs,asf,asx,wmv,wmx,wm,avi,divx,mov,qt,mpeg,mpg,mpe,mp4,m4v,ogv,webm,mkv,3gp,3gpp,3g2,3gp2,txt,asc,c,cc,h,srt,csv,tsv,ics,rtx,css,vtt,mp3,m4a,m4b,aac,ra,ram,wav,x-wav,ogg,oga,flac,mid,midi,wma,wax,mka,rtf,pdf,class,tar,zip,gz,gzip,rar,7z,psd,xcf,doc,pot,pps,ppt,wri,xla,xls,xlt,xlw,mpp,docx,docm,dotx,dotm,xlsx,xlsm,xlsb,xltx,xltm,xlam,pptx,pptm,ppsx,ppsm,potx,potm,ppam,sldx,sldm,onetoc,onetoc2,onepkg,oxps,xps,odt,odp,ods,odg,odc,odb,odf,wp,wpd,key,numbers,pages,otf,ttf,woff,woff2,eot,svg,json\"\n\t\tdata-max-size=\"20971520\"\n\t\tdata-max-file-number=\"5\"\n\t\tdata-post-max-size=\"20971520\"\n\t\tdata-max-parallel-uploads=\"4\"\n\t\tdata-parallel-uploads=\"true\"\n\t\tdata-file-chunk-size=\"2097152\">\n\t<div class=\"dz-message\">\n\t\t<svg  viewBox=\"0 0 640 640\" focusable=\"false\" data-icon=\"inbox\" width=\"50px\" height=\"50px\" fill=\"currentColor\" aria-hidden=\"true\">\n\t\t\t<path d=\"M352 173.3L352 384C352 401.7 337.7 416 320 416C302.3 416 288 401.7 288 384L288 173.3L246.6 214.7C234.1 227.2 213.8 227.2 201.3 214.7C188.8 202.2 188.8 181.9 201.3 169.4L297.3 73.4C309.8 60.9 330.1 60.9 342.6 73.4L438.6 169.4C451.1 181.9 451.1 202.2 438.6 214.7C426.1 227.2 405.8 227.2 393.3 214.7L352 173.3zM320 464C364.2 464 400 428.2 400 384L480 384C515.3 384 544 412.7 544 448L544 480C544 515.3 515.3 544 480 544L160 544C124.7 544 96 515.3 96 480L96 448C96 412.7 124.7 384 160 384L240 384C240 428.2 275.8 464 320 464zM464 488C477.3 488 488 477.3 488 464C488 450.7 477.3 440 464 440C450.7 440 440 450.7 440 464C440 477.3 450.7 488 464 488z\"\/>\n\t\t<\/svg>\n\n\t\t<span class=\"modern-title\">\n\t\t\t\t\t\t\tDrag &amp; Drop Files, \t\t\t\t<span>Choose Files to Upload<\/span>\n\t\t\t\t\t<\/span>\n\n\t\t\t\t\t<span class=\"modern-hint\">You can upload up to 5 files.<\/span>\n\t\t\t<\/div>\n<\/div>\n\n<input\n\t\ttype=\"text\"\n\t\tautocomplete=\"off\"\n\t\treadonly\n\t\tclass=\"dropzone-input\"\n\t\tstyle=\"position:absolute!important;clip:rect(0,0,0,0)!important;height:1px!important;width:1px!important;border:0!important;overflow:hidden!important;padding:0!important;margin:0!important;\"\n\t\tid=\"wpforms-2955-field_19\"\n\t\tname=\"wpforms_2955_19\" \t\tvalue=\"\">\n<\/div><script>\n\t\t\t\t( function() {\n\t\t\t\t\tconst style = document.createElement( 'style' );\n\t\t\t\t\tstyle.appendChild( document.createTextNode( '#wpforms-2955-field_3-container { position: absolute !important; overflow: hidden !important; display: inline !important; height: 1px !important; width: 1px !important; z-index: -1000 !important; padding: 0 !important; } #wpforms-2955-field_3-container input { visibility: hidden; } #wpforms-conversational-form-page #wpforms-2955-field_3-container label { counter-increment: none; }' ) );\n\t\t\t\t\tdocument.head.appendChild( style );\n\t\t\t\t\tdocument.currentScript?.remove();\n\t\t\t\t} )();\n\t\t\t<\/script><\/div><!-- .wpforms-field-container --><div class=\"wpforms-submit-container\" ><input type=\"hidden\" name=\"wpforms[id]\" value=\"2955\"><input type=\"hidden\" name=\"page_title\" value=\"\"><input type=\"hidden\" name=\"page_url\" value=\"https:\/\/www.shrprodukt.fi\/fi\/wp-json\/wp\/v2\/pages\/2581\"><input type=\"hidden\" name=\"url_referer\" value=\"\"><button type=\"submit\" name=\"wpforms[submit]\" id=\"wpforms-submit-2955\" class=\"wpforms-submit\" data-alt-text=\"L\u00c4HETT\u00c4\u00c4...\" data-submit-text=\"L\u00c4HET\u00c4\" aria-live=\"assertive\" value=\"wpforms-submit\">L\u00c4HET\u00c4<\/button><img decoding=\"async\" src=\"https:\/\/www.shrprodukt.fi\/wp-content\/plugins\/wpforms\/assets\/images\/submit-spin.svg\" class=\"wpforms-submit-spinner\" style=\"display: none;\" width=\"26\" height=\"26\" alt=\"Loading\"><\/div><\/form><\/div>  <!-- .wpforms-container --><\/div><\/div>\n\n<\/div><\/div><\/div><\/div>\n","protected":false},"excerpt":{"rendered":"","protected":false},"author":1,"featured_media":0,"parent":0,"menu_order":0,"comment_status":"closed","ping_status":"closed","template":"","meta":{"give_campaign_id":0,"_kad_blocks_custom_css":"","_kad_blocks_head_custom_js":"","_kad_blocks_body_custom_js":"","_kad_blocks_footer_custom_js":"","_kadence_starter_templates_imported_post":false,"_kad_post_transparent":"","_kad_post_title":"hide","_kad_post_layout":"fullwidth","_kad_post_sidebar_id":"","_kad_post_content_style":"unboxed","_kad_post_vertical_padding":"","_kad_post_feature":"","_kad_post_feature_position":"","_kad_post_header":false,"_kad_post_footer":false,"_kad_post_classname":"","footnotes":""},"class_list":["post-2581","page","type-page","status-publish","hentry"],"campaignId":"","taxonomy_info":[],"featured_image_src_large":false,"author_info":{"display_name":"admin","author_link":"https:\/\/www.shrprodukt.fi\/fi\/author\/admin\/"},"comment_info":0,"_links":{"self":[{"href":"https:\/\/www.shrprodukt.fi\/fi\/wp-json\/wp\/v2\/pages\/2581","targetHints":{"allow":["GET"]}}],"collection":[{"href":"https:\/\/www.shrprodukt.fi\/fi\/wp-json\/wp\/v2\/pages"}],"about":[{"href":"https:\/\/www.shrprodukt.fi\/fi\/wp-json\/wp\/v2\/types\/page"}],"author":[{"embeddable":true,"href":"https:\/\/www.shrprodukt.fi\/fi\/wp-json\/wp\/v2\/users\/1"}],"replies":[{"embeddable":true,"href":"https:\/\/www.shrprodukt.fi\/fi\/wp-json\/wp\/v2\/comments?post=2581"}],"version-history":[{"count":9,"href":"https:\/\/www.shrprodukt.fi\/fi\/wp-json\/wp\/v2\/pages\/2581\/revisions"}],"predecessor-version":[{"id":3551,"href":"https:\/\/www.shrprodukt.fi\/fi\/wp-json\/wp\/v2\/pages\/2581\/revisions\/3551"}],"wp:attachment":[{"href":"https:\/\/www.shrprodukt.fi\/fi\/wp-json\/wp\/v2\/media?parent=2581"}],"curies":[{"name":"wp","href":"https:\/\/api.w.org\/{rel}","templated":true}]}}